{"id":1026,"date":"2025-03-20T15:11:06","date_gmt":"2025-03-20T15:11:06","guid":{"rendered":"https:\/\/grupoairsafety.com.br\/site\/?page_id=1026"},"modified":"2025-04-25T17:03:37","modified_gmt":"2025-04-25T17:03:37","slug":"equipamentos-autonomos","status":"publish","type":"page","link":"https:\/\/grupoairsafety.com.br\/site\/equipamentos-autonomos\/","title":{"rendered":"Equipamentos Aut\u00f4nomos"},"content":{"rendered":"\n<p><strong>PA540<\/strong> <strong>PP<\/strong><\/p>\n\n\n\n<figure class=\"wp-block-gallery has-nested-images columns-default is-cropped wp-block-gallery-1 is-layout-flex wp-block-gallery-is-layout-flex\">\n<figure class=\"wp-block-image size-large\"><img loading=\"lazy\" decoding=\"async\" width=\"268\" height=\"265\" data-id=\"1023\" src=\"https:\/\/grupoairsafety.com.br\/site\/wp-content\/uploads\/2025\/03\/Captura-de-tela-2025-03-20-115242.png\" alt=\"\" class=\"wp-image-1023\"\/><\/figure>\n\n\n\n<figure class=\"wp-block-image size-large\"><img loading=\"lazy\" decoding=\"async\" width=\"273\" height=\"306\" data-id=\"1024\" src=\"https:\/\/grupoairsafety.com.br\/site\/wp-content\/uploads\/2025\/03\/Captura-de-tela-2025-03-20-115251.png\" alt=\"\" class=\"wp-image-1024\" srcset=\"https:\/\/grupoairsafety.com.br\/site\/wp-content\/uploads\/2025\/03\/Captura-de-tela-2025-03-20-115251.png 273w, https:\/\/grupoairsafety.com.br\/site\/wp-content\/uploads\/2025\/03\/Captura-de-tela-2025-03-20-115251-268x300.png 268w\" sizes=\"auto, (max-width: 273px) 100vw, 273px\" \/><\/figure>\n<\/figure>\n\n\n\n<p><a href=\"https:\/\/grupoairsafety.com.br\/site\/ca\/CA_8053.pdf\" target=\"_blank\" rel=\"noreferrer noopener\">CA N\u00ba 8053<\/a>\u00a0\u00a0 *<a href=\"https:\/\/grupoairsafety.com.br\/site\/et\/PA540.pdf\" target=\"_blank\" rel=\"noreferrer noopener\">Especifica\u00e7\u00e3o T\u00e9cnica<\/a><\/p>\n\n\n\n<p><strong>PA540 PP I <strong>CILINDRO DE A\u00c7O<\/strong>\u00a07,0 LITROS 200BAR <strong>I<\/strong>\u00a0C\u00d3D: 513158<\/strong>\u00a0<\/p>\n\n\n\n<p><strong>PA540 PP I <strong>CILINDRO DE FIBRA<\/strong>\u00a06,8 LITROS  300BAR <strong>I<\/strong>\u00a0C\u00d3D: 514739<\/strong>\u00a0<\/p>\n\n\n\n<p><strong>PA540 PP I <strong>CILINDRO DE FIBRA<\/strong>\u00a09,0 LITROS  300BAR <strong>I<\/strong>\u00a0C\u00d3D: 514585<\/strong>\u00a0<\/p>\n\n\n\n<hr class=\"wp-block-separator has-alpha-channel-opacity\"\/>\n\n\n\n<figure class=\"wp-block-gallery has-nested-images columns-default is-cropped wp-block-gallery-2 is-layout-flex wp-block-gallery-is-layout-flex\">\n<figure class=\"wp-block-image size-large is-resized is-style-default\"><img loading=\"lazy\" decoding=\"async\" width=\"1024\" height=\"932\" data-id=\"1094\" src=\"https:\/\/grupoairsafety.com.br\/site\/wp-content\/uploads\/2025\/03\/RAPID-CARLA-1-1-1024x932.jpg\" alt=\"\" class=\"wp-image-1094\" style=\"width:386px;height:auto\" srcset=\"https:\/\/grupoairsafety.com.br\/site\/wp-content\/uploads\/2025\/03\/RAPID-CARLA-1-1-1024x932.jpg 1024w, https:\/\/grupoairsafety.com.br\/site\/wp-content\/uploads\/2025\/03\/RAPID-CARLA-1-1-300x273.jpg 300w, https:\/\/grupoairsafety.com.br\/site\/wp-content\/uploads\/2025\/03\/RAPID-CARLA-1-1-768x699.jpg 768w, https:\/\/grupoairsafety.com.br\/site\/wp-content\/uploads\/2025\/03\/RAPID-CARLA-1-1-1536x1398.jpg 1536w, https:\/\/grupoairsafety.com.br\/site\/wp-content\/uploads\/2025\/03\/RAPID-CARLA-1-1-2048x1864.jpg 2048w\" sizes=\"auto, (max-width: 1024px) 100vw, 1024px\" \/><\/figure>\n<\/figure>\n\n\n\n<p>\u00a0<a href=\"https:\/\/grupoairsafety.com.br\/site\/ca\/CA_12974.pdf\" target=\"_blank\" rel=\"noreferrer noopener\">CA N\u00ba 12974<\/a>\u00a0*<a href=\"https:\/\/grupoairsafety.com.br\/site\/et\/512647_RAPID15.pdf\" target=\"_blank\" rel=\"noreferrer noopener\">Especifica\u00e7\u00e3o T\u00e9cnica<\/a><\/p>\n\n\n\n<p><strong>RAPID 15 PP I <strong>FIBRA DE CARBONO<\/strong>\u00a03,0 LITROS 300BAR <strong>I<\/strong>\u00a0C\u00d3D: 512647<\/strong><\/p>\n\n\n\n<p><strong>RAPID<strong> <\/strong>FIBRA DE CARBONO<strong> I<\/strong> 2,0 LITROS 300BAR <strong>I<\/strong>\u00a0C\u00d3D: 515137<\/strong>\u00a0<\/p>\n\n\n\n<p><\/p>\n","protected":false},"excerpt":{"rendered":"<p>PA540 PP CA N\u00ba 8053\u00a0\u00a0 *Especifica\u00e7\u00e3o T\u00e9cnica PA540 PP I CILINDRO DE A\u00c7O\u00a07,0 LITROS 200BAR I\u00a0C\u00d3D: 513158\u00a0 PA540 PP I CILINDRO DE FIBRA\u00a06,8 LITROS 300BAR I\u00a0C\u00d3D: 514739\u00a0 PA540 PP I CILINDRO DE FIBRA\u00a09,0 LITROS 300BAR I\u00a0C\u00d3D: 514585\u00a0 \u00a0CA N\u00ba 12974\u00a0*Especifica\u00e7\u00e3o T\u00e9cnica RAPID 15 PP I FIBRA DE CARBONO\u00a03,0 LITROS 300BAR I\u00a0C\u00d3D: 512647 RAPID FIBRA DE [&hellip;]<\/p>\n","protected":false},"author":3,"featured_media":0,"parent":0,"menu_order":0,"comment_status":"closed","ping_status":"closed","template":"","meta":{"footnotes":""},"class_list":["post-1026","page","type-page","status-publish","hentry"],"_links":{"self":[{"href":"https:\/\/grupoairsafety.com.br\/site\/wp-json\/wp\/v2\/pages\/1026","targetHints":{"allow":["GET"]}}],"collection":[{"href":"https:\/\/grupoairsafety.com.br\/site\/wp-json\/wp\/v2\/pages"}],"about":[{"href":"https:\/\/grupoairsafety.com.br\/site\/wp-json\/wp\/v2\/types\/page"}],"author":[{"embeddable":true,"href":"https:\/\/grupoairsafety.com.br\/site\/wp-json\/wp\/v2\/users\/3"}],"replies":[{"embeddable":true,"href":"https:\/\/grupoairsafety.com.br\/site\/wp-json\/wp\/v2\/comments?post=1026"}],"version-history":[{"count":17,"href":"https:\/\/grupoairsafety.com.br\/site\/wp-json\/wp\/v2\/pages\/1026\/revisions"}],"predecessor-version":[{"id":1106,"href":"https:\/\/grupoairsafety.com.br\/site\/wp-json\/wp\/v2\/pages\/1026\/revisions\/1106"}],"wp:attachment":[{"href":"https:\/\/grupoairsafety.com.br\/site\/wp-json\/wp\/v2\/media?parent=1026"}],"curies":[{"name":"wp","href":"https:\/\/api.w.org\/{rel}","templated":true}]}}