{"id":1068,"date":"2025-03-20T20:34:01","date_gmt":"2025-03-20T20:34:01","guid":{"rendered":"https:\/\/grupoairsafety.com.br\/site\/?page_id=1068"},"modified":"2025-03-20T20:34:01","modified_gmt":"2025-03-20T20:34:01","slug":"facial-inteira","status":"publish","type":"page","link":"https:\/\/grupoairsafety.com.br\/site\/facial-inteira\/","title":{"rendered":"Facial Inteira"},"content":{"rendered":"\n<p><strong>FACIAL INTEIRA <\/strong>&#8211; <strong>ABSOLUTE<\/strong><\/p>\n\n\n\n<figure class=\"wp-block-image\"><img decoding=\"async\" src=\"https:\/\/grupoairsafety.com.br\/site\/wp-content\/uploads\/2021\/04\/absolute_fullface-1024x798.jpg\" alt=\"\" class=\"wp-image-562\"\/><\/figure>\n\n\n\n<p><strong>ABSOLUTE SILICONE AZUL         |  C\u00d3DIGO 514929\u00a0|\u00a0<a href=\"https:\/\/grupoairsafety.com.br\/site\/ca\/CA_16774.pdf\" target=\"_blank\" rel=\"noreferrer noopener\">CA N\u00ba 16.774<\/a>\u00a0|\u00a0<a href=\"https:\/\/grupoairsafety.com.br\/site\/et\/Absolute_facial.pdf\" target=\"_blank\" rel=\"noreferrer noopener\">Especifica\u00e7\u00e3o T\u00e9cnica<\/a><\/strong><\/p>\n\n\n\n<p><strong>ABSOLUTE SILICONE AZUL\u00a0STD |  C\u00d3DIGO 514928\u00a0|\u00a0<a href=\"https:\/\/grupoairsafety.com.br\/site\/ca\/CA_16774.pdf\" target=\"_blank\" rel=\"noreferrer noopener\">CA N\u00ba 16.774<\/a>\u00a0|\u00a0<a href=\"https:\/\/grupoairsafety.com.br\/site\/et\/Absolute_facial.pdf\" target=\"_blank\" rel=\"noreferrer noopener\">Especifica\u00e7\u00e3o T\u00e9cnica<\/a><\/strong><\/p>\n\n\n\n<hr class=\"wp-block-separator has-alpha-channel-opacity\"\/>\n\n\n\n<p><strong>FACIAL INTEIRA FULL FACE<\/strong><\/p>\n\n\n\n<figure class=\"wp-block-image\"><img loading=\"lazy\" decoding=\"async\" width=\"1024\" height=\"743\" src=\"https:\/\/grupoairsafety.com.br\/site\/wp-content\/uploads\/2023\/06\/Fullface-1024x743.png\" alt=\"\" class=\"wp-image-755\" srcset=\"https:\/\/grupoairsafety.com.br\/site\/wp-content\/uploads\/2023\/06\/Fullface-1024x743.png 1024w, https:\/\/grupoairsafety.com.br\/site\/wp-content\/uploads\/2023\/06\/Fullface-300x218.png 300w, https:\/\/grupoairsafety.com.br\/site\/wp-content\/uploads\/2023\/06\/Fullface-768x557.png 768w, https:\/\/grupoairsafety.com.br\/site\/wp-content\/uploads\/2023\/06\/Fullface.png 1160w\" sizes=\"auto, (max-width: 1024px) 100vw, 1024px\" \/><\/figure>\n\n\n\n<p><strong> FULL FACE RB | PRETA ABS STD                 <strong><strong> |<\/strong><\/strong> C\u00d3DIGO 515197<strong>  |<\/strong>\u00a0<a href=\"https:\/\/grupoairsafety.com.br\/site\/ca\/CA_5758.pdf\" target=\"_blank\" rel=\"noreferrer noopener\">CA N\u00ba\u00a05758<\/a>\u00a0|\u00a0<a href=\"https:\/\/grupoairsafety.com.br\/site\/et\/Full_Face.pdf\" target=\"_blank\" rel=\"noreferrer noopener\">Especifica\u00e7\u00e3o T\u00e9cnica<\/a><\/strong><\/p>\n\n\n\n<p><strong><strong> FULL FACE RB | PRETA ABS COMPLETA      <strong><strong> |<\/strong><\/strong> C\u00d3DIGO 515202<strong> |<\/strong>\u00a0<a href=\"https:\/\/grupoairsafety.com.br\/site\/ca\/CA_5758.pdf\" target=\"_blank\" rel=\"noreferrer noopener\">CA N\u00ba\u00a05758<\/a>\u00a0|\u00a0<a href=\"https:\/\/grupoairsafety.com.br\/site\/et\/Full_Face.pdf\" target=\"_blank\" rel=\"noreferrer noopener\">Especifica\u00e7\u00e3o T\u00e9cnica<\/a><\/strong><\/strong><\/p>\n\n\n\n<p><strong><strong> FULL FACE RB | PRETA METAL COMPLETA <strong><strong> |<\/strong><\/strong> C\u00d3DIGO 515200<strong> |<\/strong>\u00a0<a href=\"https:\/\/grupoairsafety.com.br\/site\/ca\/CA_5758.pdf\" target=\"_blank\" rel=\"noreferrer noopener\">CA N\u00ba\u00a05758<\/a>\u00a0|\u00a0<a href=\"https:\/\/grupoairsafety.com.br\/site\/et\/Full_Face.pdf\" target=\"_blank\" rel=\"noreferrer noopener\">Especifica\u00e7\u00e3o T\u00e9cnica<\/a><\/strong><\/strong><\/p>\n\n\n\n<p><strong><strong> FULL FACE RB | AZUL ABS STD                   <strong><strong> |<\/strong><\/strong> C\u00d3DIGO 514426<strong> |<\/strong>\u00a0<a href=\"https:\/\/grupoairsafety.com.br\/site\/ca\/CA_5758.pdf\" target=\"_blank\" rel=\"noreferrer noopener\">CA N\u00ba\u00a05758<\/a>\u00a0|\u00a0<a href=\"https:\/\/grupoairsafety.com.br\/site\/et\/Full_Face.pdf\" target=\"_blank\" rel=\"noreferrer noopener\">Especifica\u00e7\u00e3o T\u00e9cnica<\/a><\/strong><\/strong><\/p>\n\n\n\n<p><strong><strong> FULL FACE RB | AZUL ABS COMPLETA  <strong><strong>      |<\/strong><\/strong> C\u00d3DIGO 513439<strong> |<\/strong>\u00a0<a href=\"https:\/\/grupoairsafety.com.br\/site\/ca\/CA_5758.pdf\" target=\"_blank\" rel=\"noreferrer noopener\">CA N\u00ba\u00a05758<\/a>\u00a0|\u00a0<a href=\"https:\/\/grupoairsafety.com.br\/site\/et\/Full_Face.pdf\" target=\"_blank\" rel=\"noreferrer noopener\">Especifica\u00e7\u00e3o T\u00e9cnica<\/a><\/strong><\/strong><\/p>\n\n\n\n<p><strong><strong> FULL FACE RB | AZUL METAL COMPLETA <strong><strong>  |<\/strong><\/strong> C\u00d3DIGO 511883<strong> |<\/strong>\u00a0<a href=\"https:\/\/grupoairsafety.com.br\/site\/ca\/CA_5758.pdf\" target=\"_blank\" rel=\"noreferrer noopener\">CA N\u00ba\u00a05758<\/a> \u00a0|\u00a0<a href=\"https:\/\/grupoairsafety.com.br\/site\/et\/Full_Face.pdf\" target=\"_blank\" rel=\"noreferrer noopener\">Especifica\u00e7\u00e3o T\u00e9cnica<\/a><\/strong><\/strong><\/p>\n\n\n\n<p><\/p>\n","protected":false},"excerpt":{"rendered":"<p>FACIAL INTEIRA &#8211; ABSOLUTE ABSOLUTE SILICONE AZUL | C\u00d3DIGO 514929\u00a0|\u00a0CA N\u00ba 16.774\u00a0|\u00a0Especifica\u00e7\u00e3o T\u00e9cnica ABSOLUTE SILICONE AZUL\u00a0STD | C\u00d3DIGO 514928\u00a0|\u00a0CA N\u00ba 16.774\u00a0|\u00a0Especifica\u00e7\u00e3o T\u00e9cnica FACIAL INTEIRA FULL FACE FULL FACE RB | PRETA ABS STD | C\u00d3DIGO 515197 |\u00a0CA N\u00ba\u00a05758\u00a0|\u00a0Especifica\u00e7\u00e3o T\u00e9cnica FULL FACE RB | PRETA ABS COMPLETA | C\u00d3DIGO 515202 |\u00a0CA N\u00ba\u00a05758\u00a0|\u00a0Especifica\u00e7\u00e3o T\u00e9cnica FULL FACE RB [&hellip;]<\/p>\n","protected":false},"author":3,"featured_media":0,"parent":0,"menu_order":0,"comment_status":"closed","ping_status":"closed","template":"","meta":{"footnotes":""},"class_list":["post-1068","page","type-page","status-publish","hentry"],"_links":{"self":[{"href":"https:\/\/grupoairsafety.com.br\/site\/wp-json\/wp\/v2\/pages\/1068","targetHints":{"allow":["GET"]}}],"collection":[{"href":"https:\/\/grupoairsafety.com.br\/site\/wp-json\/wp\/v2\/pages"}],"about":[{"href":"https:\/\/grupoairsafety.com.br\/site\/wp-json\/wp\/v2\/types\/page"}],"author":[{"embeddable":true,"href":"https:\/\/grupoairsafety.com.br\/site\/wp-json\/wp\/v2\/users\/3"}],"replies":[{"embeddable":true,"href":"https:\/\/grupoairsafety.com.br\/site\/wp-json\/wp\/v2\/comments?post=1068"}],"version-history":[{"count":1,"href":"https:\/\/grupoairsafety.com.br\/site\/wp-json\/wp\/v2\/pages\/1068\/revisions"}],"predecessor-version":[{"id":1069,"href":"https:\/\/grupoairsafety.com.br\/site\/wp-json\/wp\/v2\/pages\/1068\/revisions\/1069"}],"wp:attachment":[{"href":"https:\/\/grupoairsafety.com.br\/site\/wp-json\/wp\/v2\/media?parent=1068"}],"curies":[{"name":"wp","href":"https:\/\/api.w.org\/{rel}","templated":true}]}}