{"id":107,"date":"2023-10-03T19:30:54","date_gmt":"2023-10-03T19:30:54","guid":{"rendered":"https:\/\/grupoairsafety.com.br\/site\/fale-conosco\/"},"modified":"2023-10-03T20:34:59","modified_gmt":"2023-10-03T20:34:59","slug":"fale-conosco","status":"publish","type":"page","link":"https:\/\/grupoairsafety.com.br\/site\/fale-conosco\/","title":{"rendered":"Fale Conosco"},"content":{"rendered":"<p>Ol\u00e1,<\/p>\n<p>Obrigado por mostrar interesse por nossa p\u00e1gina.<\/p>\n<p>Estamos a disposi\u00e7\u00e3o para lhe atender em todas as suas d\u00favidas.<\/p>\n<h5>Atendimento de Vendas :\u00a0 <strong>DDG 08000-100044<\/strong> <strong>(Novo N\u00famero)<\/strong><\/h5>\n<h5><strong>Atendimento Geral : (11) 4199-3299<\/strong><\/h5>\n<p>Nosso hor\u00e1rio de atendimento:\u00a0De Segunda a Sexta, das\u00a0 8h at\u00e9 \u00e0s 17h50.<\/p>\n<p><!--more--><\/p>\n<h2>Formul\u00e1rio de Contato<\/h2>\n\n<div class=\"wpcf7 no-js\" id=\"wpcf7-f162-o1\" lang=\"pt-BR\" dir=\"ltr\" data-wpcf7-id=\"162\">\n<div class=\"screen-reader-response\"><p role=\"status\" aria-live=\"polite\" aria-atomic=\"true\"><\/p> <ul><\/ul><\/div>\n<form action=\"\/site\/wp-json\/wp\/v2\/pages\/107#wpcf7-f162-o1\" method=\"post\" class=\"wpcf7-form init\" aria-label=\"Formul\u00e1rios de contato\" novalidate=\"novalidate\" data-status=\"init\">\n<fieldset class=\"hidden-fields-container\"><input type=\"hidden\" name=\"_wpcf7\" value=\"162\" \/><input type=\"hidden\" name=\"_wpcf7_version\" value=\"6.1.3\" \/><input type=\"hidden\" name=\"_wpcf7_locale\" value=\"pt_BR\" \/><input type=\"hidden\" name=\"_wpcf7_unit_tag\" value=\"wpcf7-f162-o1\" \/><input type=\"hidden\" name=\"_wpcf7_container_post\" value=\"0\" \/><input type=\"hidden\" name=\"_wpcf7_posted_data_hash\" value=\"\" \/><input type=\"hidden\" name=\"_wpcf7_recaptcha_response\" value=\"\" \/>\n<\/fieldset>\n<p><label> Seu Nome (Indispens\u00e1vel)<br \/>\n<span class=\"wpcf7-form-control-wrap\" data-name=\"your-name\"><input size=\"40\" maxlength=\"400\" class=\"wpcf7-form-control wpcf7-text wpcf7-validates-as-required\" aria-required=\"true\" aria-invalid=\"false\" value=\"\" type=\"text\" name=\"your-name\" \/><\/span> <\/label>\n<\/p>\n<p><label> Sua Empresa<br \/>\n<span class=\"wpcf7-form-control-wrap\" data-name=\"your-empresa\"><input size=\"40\" maxlength=\"400\" class=\"wpcf7-form-control wpcf7-text\" aria-invalid=\"false\" value=\"\" type=\"text\" name=\"your-empresa\" \/><\/span> <\/label>\n<\/p>\n<p><label> CNPJ da sua Empresa (Opcional)<br \/>\n<span class=\"wpcf7-form-control-wrap\" data-name=\"your-cnpj\"><input size=\"40\" maxlength=\"400\" class=\"wpcf7-form-control wpcf7-text\" aria-invalid=\"false\" value=\"\" type=\"text\" name=\"your-cnpj\" \/><\/span> <\/label>\n<\/p>\n<p><label> Seu Email (Indispens\u00e1vel)<br \/>\n<span class=\"wpcf7-form-control-wrap\" data-name=\"your-email\"><input size=\"40\" maxlength=\"400\" class=\"wpcf7-form-control wpcf7-email wpcf7-validates-as-required wpcf7-text wpcf7-validates-as-email\" aria-required=\"true\" aria-invalid=\"false\" value=\"\" type=\"email\" name=\"your-email\" \/><\/span> <\/label>\n<\/p>\n<p><label> Telefone (DDD)<br \/>\n<span class=\"wpcf7-form-control-wrap\" data-name=\"your-tel\"><input size=\"40\" maxlength=\"400\" class=\"wpcf7-form-control wpcf7-tel wpcf7-text wpcf7-validates-as-tel\" aria-invalid=\"false\" value=\"\" type=\"tel\" name=\"your-tel\" \/><\/span> <\/label>\n<\/p>\n<p><label> Assunto<br \/>\n<span class=\"wpcf7-form-control-wrap\" data-name=\"your-subject\"><input size=\"40\" maxlength=\"400\" class=\"wpcf7-form-control wpcf7-text wpcf7-validates-as-required\" aria-required=\"true\" aria-invalid=\"false\" value=\"\" type=\"text\" name=\"your-subject\" \/><\/span> <\/label>\n<\/p>\n<p><label> Sua Mensagem<br \/>\n<span class=\"wpcf7-form-control-wrap\" data-name=\"your-message\"><textarea cols=\"40\" rows=\"10\" maxlength=\"2000\" class=\"wpcf7-form-control wpcf7-textarea\" aria-invalid=\"false\" name=\"your-message\"><\/textarea><\/span> <\/label>\n<\/p>\n<p><input class=\"wpcf7-form-control wpcf7-submit has-spinner\" type=\"submit\" value=\"Enviar\" \/>\n<\/p><div class=\"wpcf7-response-output\" aria-hidden=\"true\"><\/div>\n<\/form>\n<\/div>\n\n","protected":false},"excerpt":{"rendered":"<p>Ol\u00e1, Obrigado por mostrar interesse por nossa p\u00e1gina. Estamos a disposi\u00e7\u00e3o para lhe atender em todas as suas d\u00favidas. Atendimento de Vendas :\u00a0 DDG 08000-100044 (Novo N\u00famero) Atendimento Geral : (11) 4199-3299 Nosso hor\u00e1rio de atendimento:\u00a0De Segunda a Sexta, das\u00a0 8h at\u00e9 \u00e0s 17h50.<\/p>\n","protected":false},"author":6,"featured_media":0,"parent":0,"menu_order":3,"comment_status":"closed","ping_status":"closed","template":"","meta":{"footnotes":""},"class_list":["post-107","page","type-page","status-publish","hentry"],"_links":{"self":[{"href":"https:\/\/grupoairsafety.com.br\/site\/wp-json\/wp\/v2\/pages\/107","targetHints":{"allow":["GET"]}}],"collection":[{"href":"https:\/\/grupoairsafety.com.br\/site\/wp-json\/wp\/v2\/pages"}],"about":[{"href":"https:\/\/grupoairsafety.com.br\/site\/wp-json\/wp\/v2\/types\/page"}],"author":[{"embeddable":true,"href":"https:\/\/grupoairsafety.com.br\/site\/wp-json\/wp\/v2\/users\/6"}],"replies":[{"embeddable":true,"href":"https:\/\/grupoairsafety.com.br\/site\/wp-json\/wp\/v2\/comments?post=107"}],"version-history":[{"count":1,"href":"https:\/\/grupoairsafety.com.br\/site\/wp-json\/wp\/v2\/pages\/107\/revisions"}],"predecessor-version":[{"id":877,"href":"https:\/\/grupoairsafety.com.br\/site\/wp-json\/wp\/v2\/pages\/107\/revisions\/877"}],"wp:attachment":[{"href":"https:\/\/grupoairsafety.com.br\/site\/wp-json\/wp\/v2\/media?parent=107"}],"curies":[{"name":"wp","href":"https:\/\/api.w.org\/{rel}","templated":true}]}}