{"id":1070,"date":"2025-03-20T20:44:24","date_gmt":"2025-03-20T20:44:24","guid":{"rendered":"https:\/\/grupoairsafety.com.br\/site\/?page_id=1070"},"modified":"2025-08-14T02:34:51","modified_gmt":"2025-08-14T02:34:51","slug":"semifacial","status":"publish","type":"page","link":"https:\/\/grupoairsafety.com.br\/site\/semifacial\/","title":{"rendered":"Semifacial\u00a0"},"content":{"rendered":"<div class=\"wp-block-image\">\n<figure class=\"aligncenter\"><img decoding=\"async\" src=\"https:\/\/grupoairsafety.com.br\/site\/wp-content\/uploads\/2021\/04\/uso_modelo_psite-500x500-1.jpg\" alt=\"\" class=\"wp-image-626\"\/><\/figure>\n<\/div>\n\n\n<p><strong>SEMIFACIAL ABSOLUTE |&nbsp;C\u00d3DIGO 515134&nbsp;|&nbsp;<a href=\"https:\/\/grupoairsafety.com.br\/site\/ca\/CA_32351.pdf\" target=\"_blank\" rel=\"noreferrer noopener\">CA N\u00ba 32.351&nbsp;<\/a>|&nbsp;<a href=\"https:\/\/grupoairsafety.com.br\/site\/et\/Absolute_semi.pdf\" target=\"_blank\" rel=\"noreferrer noopener\">Especifica\u00e7\u00e3o&nbsp;<\/a><a href=\"https:\/\/grupoairsafety.com.br\/site\/et\/Absolute.pdf\" target=\"_blank\" rel=\"noreferrer noopener\">T\u00e9cnica<\/a><\/strong><\/p>\n\n\n\n<hr class=\"wp-block-separator has-alpha-channel-opacity\"\/>\n\n\n\n<figure class=\"wp-block-image is-resized\"><img decoding=\"async\" src=\"https:\/\/grupoairsafety.com.br\/site\/wp-content\/uploads\/2021\/04\/airsan-1024x938.png\" alt=\"\" class=\"wp-image-568\" style=\"width:670px;height:auto\"\/><\/figure>\n\n\n\n<p><strong>SEMIFACIAL AIRSAN | C\u00d3DIGO 514726&nbsp;|&nbsp;<a href=\"https:\/\/grupoairsafety.com.br\/site\/ca\/CA_12973.pdf\" target=\"_blank\" rel=\"noreferrer noopener\">CA N\u00ba 12.973<\/a>&nbsp;|&nbsp;<a href=\"https:\/\/grupoairsafety.com.br\/site\/et\/Air_San.pdf\" target=\"_blank\" rel=\"noreferrer noopener\">Especifica\u00e7\u00e3o T\u00e9cnica<\/a><\/strong><\/p>\n\n\n\n<hr class=\"wp-block-separator has-alpha-channel-opacity\"\/>\n\n\n<div class=\"wp-block-image\">\n<figure class=\"aligncenter is-resized\"><img decoding=\"async\" src=\"https:\/\/grupoairsafety.com.br\/site\/wp-content\/uploads\/2021\/04\/Airtox-I-1-1024x747.jpg\" alt=\"\" class=\"wp-image-595\" style=\"width:714px;height:auto\"\/><\/figure>\n<\/div>\n\n\n<p><strong>SEMIFACIAL AIR TOX I  | AZUL&nbsp; |&nbsp;C\u00d3DIGO 510001 &nbsp;| <a href=\"https:\/\/grupoairsafety.com.br\/site\/ca\/CA_11377.pdf\" target=\"_blank\" rel=\"noreferrer noopener\">CA N\u00ba 11.377 <\/a> |&nbsp;<a href=\"https:\/\/grupoairsafety.com.br\/site\/et\/Air_Tox.pdf\" target=\"_blank\" rel=\"noreferrer noopener\">Especifica\u00e7\u00e3o T\u00e9cnica<\/a><\/strong><\/p>\n\n\n\n<p><strong>SEMIFACIAL AIR TOX I  | PRETA&nbsp;|&nbsp;C\u00d3DIGO 515211 &nbsp;| <strong><a href=\"https:\/\/grupoairsafety.com.br\/site\/ca\/CA_11377.pdf\" target=\"_blank\" rel=\"noreferrer noopener\">CA N\u00ba 11.377<\/a><\/strong>  |&nbsp;<a href=\"https:\/\/grupoairsafety.com.br\/site\/et\/Air_Tox.pdf\" target=\"_blank\" rel=\"noreferrer noopener\">Especifica\u00e7\u00e3o T\u00e9cnica<\/a><\/strong><\/p>\n\n\n\n<hr class=\"wp-block-separator has-alpha-channel-opacity\"\/>\n\n\n<div class=\"wp-block-image\">\n<figure class=\"aligncenter is-resized\"><a href=\"http:\/\/e-epi.com.br\/loja\/image\/cache\/data\/AIRTOXmodelo-500x500.jpg\"><img decoding=\"async\" src=\"https:\/\/grupoairsafety.com.br\/site\/wp-content\/uploads\/2021\/04\/airtox_II-300x252.jpg\" alt=\"\" class=\"wp-image-572\" style=\"width:558px;height:auto\"\/><\/a><\/figure>\n<\/div>\n\n\n<p><strong>SEMIFACIAL AIR TOX II | AZUL&nbsp;|&nbsp;C\u00d3DIGO 514394&nbsp;|&nbsp;<a href=\"https:\/\/grupoairsafety.com.br\/site\/ca\/CA_5757.pdf\" target=\"_blank\" rel=\"noreferrer noopener\">CA N\u00ba 5757&nbsp;<\/a>|&nbsp;<a href=\"https:\/\/grupoairsafety.com.br\/site\/et\/Air_Tox_II.pdf\" target=\"_blank\" rel=\"noreferrer noopener\">Especifica\u00e7\u00e3o T\u00e9cnica<\/a><\/strong><\/p>\n\n\n\n<p><strong>SEMIFACIAL AIR TOX II | PRETA&nbsp;|&nbsp;C\u00d3DIGO 515212&nbsp;|&nbsp;<a href=\"https:\/\/grupoairsafety.com.br\/site\/ca\/CA_5757.pdf\" target=\"_blank\" rel=\"noreferrer noopener\">CA N\u00ba 5757&nbsp;<\/a>|&nbsp;<a href=\"https:\/\/grupoairsafety.com.br\/site\/et\/Air_Tox_II.pdf\" target=\"_blank\" rel=\"noreferrer noopener\">Especifica\u00e7\u00e3o T\u00e9cnica<\/a><\/strong><\/p>\n\n\n\n<hr class=\"wp-block-separator has-alpha-channel-opacity\"\/>\n\n\n<div class=\"wp-block-image\">\n<figure class=\"aligncenter size-full is-resized\"><img loading=\"lazy\" decoding=\"async\" width=\"343\" height=\"346\" src=\"https:\/\/grupoairsafety.com.br\/site\/wp-content\/uploads\/2025\/08\/Verna-III-e1755138289697.png\" alt=\"\" class=\"wp-image-1115\" style=\"width:486px;height:auto\" srcset=\"https:\/\/grupoairsafety.com.br\/site\/wp-content\/uploads\/2025\/08\/Verna-III-e1755138289697.png 343w, https:\/\/grupoairsafety.com.br\/site\/wp-content\/uploads\/2025\/08\/Verna-III-e1755138289697-297x300.png 297w, https:\/\/grupoairsafety.com.br\/site\/wp-content\/uploads\/2025\/08\/Verna-III-e1755138289697-150x150.png 150w\" sizes=\"auto, (max-width: 343px) 100vw, 343px\" \/><\/figure>\n<\/div>\n\n\n<p><strong>SEMIFACIAL VERNA IIII |\u00a0C\u00d3DIGO 514653\u00a0|\u00a0<\/strong><a href=\"https:\/\/grupoairsafety.com.br\/site\/ca\/CA_11026.pdf\" target=\"_blank\" rel=\"noreferrer noopener\">CA N\u00ba 11026<\/a><strong>|\u00a0<a href=\"https:\/\/grupoairsafety.com.br\/site\/et\/Verna.pdf\" target=\"_blank\" rel=\"noreferrer noopener\">Especifica\u00e7\u00e3o T\u00e9cnica<\/a><\/strong><\/p>\n\n\n\n<hr class=\"wp-block-separator has-alpha-channel-opacity\"\/>\n\n\n\n<figure class=\"wp-block-image\"><img decoding=\"async\" src=\"https:\/\/grupoairsafety.com.br\/site\/wp-content\/uploads\/2013\/05\/selo.jpg\" alt=\"\" class=\"wp-image-50\"\/><\/figure>\n\n\n\n<p><strong>\u201cConforme Orienta\u00e7\u00e3o do Governo Federal Adquira Sempre Produtos Nacionais\u201d<\/strong><\/p>\n\n\n\n<p><\/p>\n\n\n\n<p><\/p>\n","protected":false},"excerpt":{"rendered":"<p>SEMIFACIAL ABSOLUTE |&nbsp;C\u00d3DIGO 515134&nbsp;|&nbsp;CA N\u00ba 32.351&nbsp;|&nbsp;Especifica\u00e7\u00e3o&nbsp;T\u00e9cnica SEMIFACIAL AIRSAN | C\u00d3DIGO 514726&nbsp;|&nbsp;CA N\u00ba 12.973&nbsp;|&nbsp;Especifica\u00e7\u00e3o T\u00e9cnica SEMIFACIAL AIR TOX I | AZUL&nbsp; |&nbsp;C\u00d3DIGO 510001 &nbsp;| CA N\u00ba 11.377 |&nbsp;Especifica\u00e7\u00e3o T\u00e9cnica SEMIFACIAL AIR TOX I | PRETA&nbsp;|&nbsp;C\u00d3DIGO 515211 &nbsp;| CA N\u00ba 11.377 |&nbsp;Especifica\u00e7\u00e3o T\u00e9cnica SEMIFACIAL AIR TOX II | AZUL&nbsp;|&nbsp;C\u00d3DIGO 514394&nbsp;|&nbsp;CA N\u00ba 5757&nbsp;|&nbsp;Especifica\u00e7\u00e3o T\u00e9cnica SEMIFACIAL AIR TOX II [&hellip;]<\/p>\n","protected":false},"author":3,"featured_media":0,"parent":0,"menu_order":0,"comment_status":"closed","ping_status":"closed","template":"","meta":{"footnotes":""},"class_list":["post-1070","page","type-page","status-publish","hentry"],"_links":{"self":[{"href":"https:\/\/grupoairsafety.com.br\/site\/wp-json\/wp\/v2\/pages\/1070","targetHints":{"allow":["GET"]}}],"collection":[{"href":"https:\/\/grupoairsafety.com.br\/site\/wp-json\/wp\/v2\/pages"}],"about":[{"href":"https:\/\/grupoairsafety.com.br\/site\/wp-json\/wp\/v2\/types\/page"}],"author":[{"embeddable":true,"href":"https:\/\/grupoairsafety.com.br\/site\/wp-json\/wp\/v2\/users\/3"}],"replies":[{"embeddable":true,"href":"https:\/\/grupoairsafety.com.br\/site\/wp-json\/wp\/v2\/comments?post=1070"}],"version-history":[{"count":7,"href":"https:\/\/grupoairsafety.com.br\/site\/wp-json\/wp\/v2\/pages\/1070\/revisions"}],"predecessor-version":[{"id":1117,"href":"https:\/\/grupoairsafety.com.br\/site\/wp-json\/wp\/v2\/pages\/1070\/revisions\/1117"}],"wp:attachment":[{"href":"https:\/\/grupoairsafety.com.br\/site\/wp-json\/wp\/v2\/media?parent=1070"}],"curies":[{"name":"wp","href":"https:\/\/api.w.org\/{rel}","templated":true}]}}