{"id":116,"date":"2023-10-03T19:30:54","date_gmt":"2023-10-03T19:30:54","guid":{"rendered":"https:\/\/grupoairsafety.com.br\/site\/home\/"},"modified":"2025-03-20T17:27:01","modified_gmt":"2025-03-20T17:27:01","slug":"home","status":"publish","type":"page","link":"https:\/\/grupoairsafety.com.br\/site\/","title":{"rendered":"Home"},"content":{"rendered":"\n<p>Uma empresa genuinamente brasileira, a <strong>AIR SAFETY <\/strong>foi fundada em&nbsp;<strong>1994<\/strong>&nbsp;com apenas 12 colaboradores. Atualmente, contribu\u00edmos para o crescimento econ\u00f4mico do nosso Pa\u00eds gerando empregos que atendem direta e indiretamente mais de 200 fam\u00edlias.<\/p>\n\n\n\n<p>H\u00e1 mais de 30 anos atuando no mercado, investimos na inova\u00e7\u00e3o e tecnologia em nossos maquin\u00e1rios e mat\u00e9ria-prima de primeira qualidade para a produ\u00e7\u00e3o exclusiva dos nossos equipamentos de prote\u00e7\u00e3o respirat\u00f3ria.<\/p>\n\n\n\n<p>A <strong>AIR SAFETY <\/strong>possui atualmente marcas registradas de seus produtos bem como patentes de equipamentos 100% brasileiros. Trabalhamos na produ\u00e7\u00e3o de 3.915 pe\u00e7as que comp\u00f5e a montagem de 325 produtos comercializados, o resultado da qualidade e garantia de seguran\u00e7a de nossos produtos e servi\u00e7os,&nbsp;mant\u00e9m uma m\u00e9dia de 12.800 clientes instalados em v\u00e1rios Estados brasileiros. Se o assunto for prote\u00e7\u00e3o respirat\u00f3ria, a <strong>AIR SAFETY<\/strong> tem os melhores equipamentos do mercado.<\/p>\n\n\n\n<p>Temos plena garantia dos nossos produtos e servi\u00e7os, fornecemos treinamentos e cursos para os nossos colaboradores e clientes que, sempre podem contar com a efici\u00eancia de nossa assist\u00eancia t\u00e9cnica e atendimento especializado de nossa equipe de vendas.<\/p>\n\n\n\n<p>Oferecemos algo que vai muito al\u00e9m de um produto, oferecemos seguran\u00e7a.<\/p>\n\n\n\n<p>Da mesma forma que os nossos clientes podem confiar que o nosso compromisso com a excel\u00eancia e o servi\u00e7o \u00e9 uma constante, acrescentando um elemento de seguran\u00e7a \u00e0 sua experi\u00eancia conosco.<\/p>\n\n\n\n<p><strong>\u201cSua Seguran\u00e7a \u00e9 a Nossa Maior Responsabilidade\u201d<\/strong><strong><\/strong><\/p>\n","protected":false},"excerpt":{"rendered":"<p>Uma empresa genuinamente brasileira, a AIR SAFETY foi fundada em&nbsp;1994&nbsp;com apenas 12 colaboradores. Atualmente, contribu\u00edmos para o crescimento econ\u00f4mico do nosso Pa\u00eds gerando empregos que atendem direta e indiretamente mais de 200 fam\u00edlias. H\u00e1 mais de 30 anos atuando no mercado, investimos na inova\u00e7\u00e3o e tecnologia em nossos maquin\u00e1rios e mat\u00e9ria-prima de primeira qualidade para [&hellip;]<\/p>\n","protected":false},"author":6,"featured_media":0,"parent":0,"menu_order":0,"comment_status":"closed","ping_status":"closed","template":"","meta":{"footnotes":""},"class_list":["post-116","page","type-page","status-publish","hentry"],"_links":{"self":[{"href":"https:\/\/grupoairsafety.com.br\/site\/wp-json\/wp\/v2\/pages\/116","targetHints":{"allow":["GET"]}}],"collection":[{"href":"https:\/\/grupoairsafety.com.br\/site\/wp-json\/wp\/v2\/pages"}],"about":[{"href":"https:\/\/grupoairsafety.com.br\/site\/wp-json\/wp\/v2\/types\/page"}],"author":[{"embeddable":true,"href":"https:\/\/grupoairsafety.com.br\/site\/wp-json\/wp\/v2\/users\/6"}],"replies":[{"embeddable":true,"href":"https:\/\/grupoairsafety.com.br\/site\/wp-json\/wp\/v2\/comments?post=116"}],"version-history":[{"count":7,"href":"https:\/\/grupoairsafety.com.br\/site\/wp-json\/wp\/v2\/pages\/116\/revisions"}],"predecessor-version":[{"id":1040,"href":"https:\/\/grupoairsafety.com.br\/site\/wp-json\/wp\/v2\/pages\/116\/revisions\/1040"}],"wp:attachment":[{"href":"https:\/\/grupoairsafety.com.br\/site\/wp-json\/wp\/v2\/media?parent=116"}],"curies":[{"name":"wp","href":"https:\/\/api.w.org\/{rel}","templated":true}]}}