{"id":48,"date":"2023-10-03T19:33:42","date_gmt":"2023-10-03T19:33:42","guid":{"rendered":"https:\/\/grupoairsafety.com.br\/site\/curso-de-protecao-respiratoria\/"},"modified":"2023-10-13T15:22:01","modified_gmt":"2023-10-13T15:22:01","slug":"curso-de-protecao-respiratoria","status":"publish","type":"page","link":"https:\/\/grupoairsafety.com.br\/site\/curso-de-protecao-respiratoria\/","title":{"rendered":"Curso de Prote\u00e7\u00e3o Respirat\u00f3ria"},"content":{"rendered":"<p><strong>Curso de Prote\u00e7\u00e3o Respirat\u00f3ria 2023<\/strong><\/p>\n<p style=\"color: #666666; font-family: Arial, Helvetica, sans-serif; font-size: 12px; line-height: normal; text-align: justify;\">Com experi\u00eancia\u00a0na \u00e1rea de prote\u00e7\u00e3o respirat\u00f3ria, produzimos desde 1994, os equipamentos da marca Air Safety, j\u00e1 consagrados no uso em diversas atividades laborais onde haja risco respirat\u00f3rio para as pessoas que l\u00e1 trabalham.<\/p>\n<blockquote>\n<p style=\"color: #666666; font-family: Arial, Helvetica, sans-serif; font-size: 12px; line-height: normal; text-align: justify;\">Nossa linha inclui os seguintes tipos de respiradores:<\/p>\n<p style=\"color: #666666; font-family: Arial, Helvetica, sans-serif; font-size: 12px; line-height: normal; text-align: justify;\"><strong><span style=\"color: #3366ff;\">.: <\/span>Descart\u00e1veis<\/strong> <br \/><strong><span style=\"color: #3366ff;\">.: <\/span>Semifaciais com Filtros<br \/><span style=\"color: #3366ff;\">.: <\/span>Faciais Inteiras com Filtros<br \/><span style=\"color: #3366ff;\">.: <\/span>Toda a linha de filtros qu\u00edmicos e mec\u00e2nicos<br \/><span style=\"color: #3366ff;\">.: <\/span>Respiradores de Fuga<br \/><span style=\"color: #3366ff;\">.: <\/span>Toda a linha de respiradores de adu\u00e7\u00e3o de ar inclusive com cilindro de reserva de ar comprimido Espa\u00e7os Confinados<br \/><span style=\"color: #3366ff;\">.: <\/span>Respiradores Aut\u00f4nomos de Ar Comprimido e EPR<\/strong><\/p>\n<\/blockquote>\n<p style=\"color: #666666; font-family: Arial, Helvetica, sans-serif; font-size: 12px; line-height: normal; text-align: justify;\"><strong>A qualidade dos nossos equipamentos j\u00e1 \u00e9 bastante conhecida<\/strong>, e empregamos sempre os melhores esfor\u00e7os para encontrar no mercado nacional e internacional, novas mat\u00e9rias-primas e solu\u00e7\u00f5es, que visam melhorar continuamente nossos equipamentos.<\/p>\n<blockquote>\n<h6><em>Mas para que nossos equipamentos possam lhe proporcionar retorno favor\u00e1vel como, seguran\u00e7a e tranquilidade no uso, \u00e9 necess\u00e1rio que sejam observadas diversas normas e regulamentos e de maneira peri\u00f3dica e permanente, promover treinamento aos seus usu\u00e1rios, preservando-lhes a sa\u00fade e a vida.<\/em><\/h6>\n<\/blockquote>\n<p style=\"color: #666666; font-family: Arial, Helvetica, sans-serif; font-size: 12px; line-height: normal; text-align: justify;\">Para isso, n\u00f3s da Air Safety com a nossa sede em Barueri\/SP, promovemos diversos <strong>cursos de Prote\u00e7\u00e3o Respirat\u00f3ria<\/strong> contando com profissionais t\u00e9cnicos e especialmente qualificados, que transmitir\u00e3o a voc\u00ea e sua empresa a tecnologia mais atual, proporcionando meios de escolha acertada dos equipamentos, conforme os riscos a que os trabalhadores est\u00e3o expostos.<\/p>\n<p style=\"color: #666666; font-family: Arial, Helvetica, sans-serif; font-size: 12px; line-height: normal; text-align: justify;\">A abordagem dos cursos inclui:<\/p>\n<blockquote>\n<p style=\"color: #666666; font-family: Arial, Helvetica, sans-serif; font-size: 12px; line-height: normal; text-align: justify;\"><strong>Pa<\/strong><strong>rte te\u00f3rica:<\/strong> detalhamento das normas e legisla\u00e7\u00e3o vigente.<\/p>\n<p style=\"color: #666666; font-family: Arial, Helvetica, sans-serif; font-size: 12px; line-height: normal; text-align: justify;\"><strong>Parte pr\u00e1tica:<\/strong> abordagem e demonstra\u00e7\u00e3o de toda a linha dos equipamentos.<\/p>\n<p style=\"color: #666666; font-family: Arial, Helvetica, sans-serif; font-size: 12px; line-height: normal; text-align: justify;\"><strong>Curso Gratuito, sujeito ao limite de Vagas.<\/strong><\/p>\n<\/blockquote>\n<p style=\"color: #666666; font-family: Arial, Helvetica, sans-serif; font-size: 12px; line-height: normal; text-align: justify;\"><span style=\"color: #003366;\"><strong><span style=\"font-size: medium;\">Convidamos voc\u00ea e sua empresa para conhecer um dos nossos cursos.<\/span><\/strong><\/span><\/p>\n<p style=\"color: #666666; font-family: Arial, Helvetica, sans-serif; font-size: 12px; line-height: normal; text-align: justify;\">O curso acontece em nossa empresa na cidade de Barueri\/SP,\u00a0 no hor\u00e1rio inicial das 8h30 at\u00e9 \u00e0s 17h.<\/p>\n<p style=\"color: #666666; font-family: Arial, Helvetica, sans-serif; font-size: 12px; line-height: normal; text-align: justify;\"><b><\/b><span style=\"color: #666666; font-family: Arial, Helvetica, sans-serif;\"><span style=\"font-size: 12px;\">\u00a0<\/span><\/span><span style=\"background-color: #fafafa;\"><i><span style=\"color: #666666; font-family: Arial, Helvetica, sans-serif;\"><b>Curso presencial &#8211; 30\/11\/2023 &#8211; <\/b><\/span><\/i><\/span><a style=\"font-size: revert;\" href=\"https:\/\/forms.gle\/ZadTguN8E6vrLGmdA\" target=\"_blank\" rel=\"noopener\"><i><span style=\"color: #666666; font-family: Arial, Helvetica, sans-serif;\"><b>Formul\u00e1rio de pr\u00e9-Inscri\u00e7\u00e3o<\/b><\/span><\/i><\/a><span style=\"font-size: 12px;\">\u00a0 \u00a0<\/span><span style=\"font-size: 12px;\">\u00a0<\/span><\/p>\n\n\n<p>Venha dividir conosco os conhecimentos dessa importante \u00e1rea da Seguran\u00e7a do Trabalho e trocar experi\u00eancias tamb\u00e9m com os demais participantes.<\/p>\n\n\n\n<p>&nbsp;Temos certeza de que todos sairemos recompensados nesse dia.<br><br>Os cursos incluem visitas \u00e0 f\u00e1brica Air Safety, almo\u00e7o de confraterniza\u00e7\u00e3o e certificado de presen\u00e7a, al\u00e9m de literatura t\u00e9cnica para sua biblioteca particular.<br><br>Contamos com sua presen\u00e7a.<br><br>Fa\u00e7a sua pr\u00e9-inscri\u00e7\u00e3o atrav\u00e9s do formul\u00e1rio.<br><br>Aten\u00e7\u00e3o:&nbsp;O cadastro abaixo n\u00e3o garante sua inscri\u00e7\u00e3o, aguarde nossa confirma\u00e7\u00e3o para a efetiva\u00e7\u00e3o de sua inscri\u00e7\u00e3o.&nbsp;<strong>Curso com Vagas Limitadas.<\/strong> <\/p>\n","protected":false},"excerpt":{"rendered":"<p>Curso de Prote\u00e7\u00e3o Respirat\u00f3ria 2023 Com experi\u00eancia\u00a0na \u00e1rea de prote\u00e7\u00e3o respirat\u00f3ria, produzimos desde 1994, os equipamentos da marca Air Safety, j\u00e1 consagrados no uso em diversas atividades laborais onde haja risco respirat\u00f3rio para as pessoas que l\u00e1 trabalham. Nossa linha inclui os seguintes tipos de respiradores: .: Descart\u00e1veis .: Semifaciais com Filtros.: Faciais Inteiras com [&hellip;]<\/p>\n","protected":false},"author":2,"featured_media":0,"parent":0,"menu_order":22,"comment_status":"closed","ping_status":"closed","template":"","meta":{"footnotes":""},"class_list":["post-48","page","type-page","status-publish","hentry"],"_links":{"self":[{"href":"https:\/\/grupoairsafety.com.br\/site\/wp-json\/wp\/v2\/pages\/48","targetHints":{"allow":["GET"]}}],"collection":[{"href":"https:\/\/grupoairsafety.com.br\/site\/wp-json\/wp\/v2\/pages"}],"about":[{"href":"https:\/\/grupoairsafety.com.br\/site\/wp-json\/wp\/v2\/types\/page"}],"author":[{"embeddable":true,"href":"https:\/\/grupoairsafety.com.br\/site\/wp-json\/wp\/v2\/users\/2"}],"replies":[{"embeddable":true,"href":"https:\/\/grupoairsafety.com.br\/site\/wp-json\/wp\/v2\/comments?post=48"}],"version-history":[{"count":4,"href":"https:\/\/grupoairsafety.com.br\/site\/wp-json\/wp\/v2\/pages\/48\/revisions"}],"predecessor-version":[{"id":898,"href":"https:\/\/grupoairsafety.com.br\/site\/wp-json\/wp\/v2\/pages\/48\/revisions\/898"}],"wp:attachment":[{"href":"https:\/\/grupoairsafety.com.br\/site\/wp-json\/wp\/v2\/media?parent=48"}],"curies":[{"name":"wp","href":"https:\/\/api.w.org\/{rel}","templated":true}]}}