{"id":79,"date":"2023-10-03T19:33:44","date_gmt":"2023-10-03T19:33:44","guid":{"rendered":"https:\/\/grupoairsafety.com.br\/site\/servicos-unidade-movel\/"},"modified":"2025-03-20T20:59:32","modified_gmt":"2025-03-20T20:59:32","slug":"servicos-unidade-movel","status":"publish","type":"page","link":"https:\/\/grupoairsafety.com.br\/site\/servicos-unidade-movel\/","title":{"rendered":"Servi\u00e7os &#8211; Unidade M\u00f3vel"},"content":{"rendered":"\n<h3 class=\"wp-block-heading\">ASSESSORIA T\u00c9CNICA EM SUA EMPRESA<\/h3>\n\n\n\n<p>Tamb\u00e9m visando atender a nossos clientes e assim criar uma s\u00f3lida parceria. A Air Safety apresenta sua unidade m\u00f3vel de Assist\u00eancia T\u00e9cnica. Esta unidade visa atender a todas as Emerg\u00eancias que nossos clientes possam ter. Estar\u00e1 esta viatura completa: com compressores para recarga, ferramentas para manuten\u00e7\u00e3o de toda nossa linha de equipamentos bem como as pe\u00e7as originais de reposi\u00e7\u00e3o para sim poder atender com Qualidade Total nossos e outros equipamentos.<\/p>\n\n\n\n<p><\/p>\n\n\n\n<p><strong>Sua manuten\u00e7\u00e3o original em sua porta sem necessidade de paralisar a utiliza\u00e7\u00e3o dos equipamentos.<\/strong><\/p>\n\n\n\n<p><\/p>\n\n\n\n<h3 class=\"wp-block-heading\">PARA SEU CONFORTO E GARANTIA<\/h3>\n\n\n\n<figure class=\"wp-block-image\"><img decoding=\"async\" src=\"https:\/\/grupoairsafety.com.br\/site\/wp-content\/uploads\/2015\/07\/unidademvel.jpg\" alt=\"\" class=\"wp-image-77\"\/><\/figure>\n\n\n\n<p>&nbsp;<\/p>\n\n\n\n<p><\/p>\n","protected":false},"excerpt":{"rendered":"<p>ASSESSORIA T\u00c9CNICA EM SUA EMPRESA Tamb\u00e9m visando atender a nossos clientes e assim criar uma s\u00f3lida parceria. A Air Safety apresenta sua unidade m\u00f3vel de Assist\u00eancia T\u00e9cnica. Esta unidade visa atender a todas as Emerg\u00eancias que nossos clientes possam ter. Estar\u00e1 esta viatura completa: com compressores para recarga, ferramentas para manuten\u00e7\u00e3o de toda nossa linha [&hellip;]<\/p>\n","protected":false},"author":2,"featured_media":0,"parent":0,"menu_order":20,"comment_status":"closed","ping_status":"closed","template":"","meta":{"footnotes":""},"class_list":["post-79","page","type-page","status-publish","hentry"],"_links":{"self":[{"href":"https:\/\/grupoairsafety.com.br\/site\/wp-json\/wp\/v2\/pages\/79","targetHints":{"allow":["GET"]}}],"collection":[{"href":"https:\/\/grupoairsafety.com.br\/site\/wp-json\/wp\/v2\/pages"}],"about":[{"href":"https:\/\/grupoairsafety.com.br\/site\/wp-json\/wp\/v2\/types\/page"}],"author":[{"embeddable":true,"href":"https:\/\/grupoairsafety.com.br\/site\/wp-json\/wp\/v2\/users\/2"}],"replies":[{"embeddable":true,"href":"https:\/\/grupoairsafety.com.br\/site\/wp-json\/wp\/v2\/comments?post=79"}],"version-history":[{"count":6,"href":"https:\/\/grupoairsafety.com.br\/site\/wp-json\/wp\/v2\/pages\/79\/revisions"}],"predecessor-version":[{"id":1080,"href":"https:\/\/grupoairsafety.com.br\/site\/wp-json\/wp\/v2\/pages\/79\/revisions\/1080"}],"wp:attachment":[{"href":"https:\/\/grupoairsafety.com.br\/site\/wp-json\/wp\/v2\/media?parent=79"}],"curies":[{"name":"wp","href":"https:\/\/api.w.org\/{rel}","templated":true}]}}