{"id":990,"date":"2025-03-19T01:47:29","date_gmt":"2025-03-19T01:47:29","guid":{"rendered":"https:\/\/grupoairsafety.com.br\/site\/?page_id=990"},"modified":"2026-04-08T18:31:20","modified_gmt":"2026-04-08T21:31:20","slug":"linha-de-ar","status":"publish","type":"page","link":"https:\/\/grupoairsafety.com.br\/site\/linha-de-ar\/","title":{"rendered":"Linha de AR"},"content":{"rendered":"\n<p>Conjunto para filtragem de ar comprimido respir\u00e1vel para uso em espa\u00e7o confinado.<\/p>\n\n\n\n<p><strong>ARCOFIL 3U NO CAVALETE<\/strong><\/p>\n\n\n<div class=\"wp-block-image\">\n<figure class=\"aligncenter size-large is-resized\"><img loading=\"lazy\" decoding=\"async\" width=\"1024\" height=\"856\" src=\"https:\/\/grupoairsafety.com.br\/site\/wp-content\/uploads\/2025\/03\/ARCOFIL-3U-1024x856.jpg\" alt=\"\" class=\"wp-image-1090\" style=\"width:350px;height:auto\" srcset=\"https:\/\/grupoairsafety.com.br\/site\/wp-content\/uploads\/2025\/03\/ARCOFIL-3U-1024x856.jpg 1024w, https:\/\/grupoairsafety.com.br\/site\/wp-content\/uploads\/2025\/03\/ARCOFIL-3U-300x251.jpg 300w, https:\/\/grupoairsafety.com.br\/site\/wp-content\/uploads\/2025\/03\/ARCOFIL-3U-768x642.jpg 768w, https:\/\/grupoairsafety.com.br\/site\/wp-content\/uploads\/2025\/03\/ARCOFIL-3U-1536x1285.jpg 1536w, https:\/\/grupoairsafety.com.br\/site\/wp-content\/uploads\/2025\/03\/ARCOFIL-3U-2048x1713.jpg 2048w\" sizes=\"auto, (max-width: 1024px) 100vw, 1024px\" \/><\/figure>\n<\/div>\n\n\n<p><strong>ARCOFIL 3U (3 SA\u00cdDAS) |  C\u00d3D: 512555<\/strong>&nbsp;|&nbsp;*<a href=\"https:\/\/grupoairsafety.com.br\/site\/et\/512555_ARCOFIL_3U.pdf\" target=\"_blank\" rel=\"noreferrer noopener\">Especifica\u00e7\u00e3o T\u00e9cnica<\/a><\/p>\n\n\n\n<p><strong>ARCOFIL 3U (4 SA\u00cdDAS) |  C\u00d3D: 515174<\/strong>&nbsp;|&nbsp;*<a href=\"https:\/\/grupoairsafety.com.br\/site\/et\/515174 _ARCOFIL_4U\" target=\"_blank\" rel=\"noreferrer noopener\">Especifica\u00e7\u00e3o T\u00e9cnica<\/a><\/p>\n\n\n\n<div class=\"wp-block-group is-vertical is-layout-flex wp-container-core-group-is-layout-8cf370e7 wp-block-group-is-layout-flex\"><\/div>\n\n\n\n<hr class=\"wp-block-separator has-alpha-channel-opacity\"\/>\n\n\n\n<p><\/p>\n\n\n\n<p><strong>ARCOFIL 3U NA MALETA<\/strong><\/p>\n\n\n<div class=\"wp-block-image\">\n<figure class=\"aligncenter size-full is-resized\"><img loading=\"lazy\" decoding=\"async\" width=\"509\" height=\"267\" src=\"https:\/\/grupoairsafety.com.br\/site\/wp-content\/uploads\/2025\/03\/MALETA_ARC_3U.png\" alt=\"\" class=\"wp-image-992\" style=\"width:550px;height:auto\" srcset=\"https:\/\/grupoairsafety.com.br\/site\/wp-content\/uploads\/2025\/03\/MALETA_ARC_3U.png 509w, https:\/\/grupoairsafety.com.br\/site\/wp-content\/uploads\/2025\/03\/MALETA_ARC_3U-300x157.png 300w\" sizes=\"auto, (max-width: 509px) 100vw, 509px\" \/><\/figure>\n<\/div>\n\n\n<p><\/p>\n\n\n\n<p><strong>MALETA ABS | COD: 5 1 2 5 5 3 <\/strong>| *<a href=\"https:\/\/grupoairsafety.com.br\/site\/et\/512553_ARCOFIL_3U_NA_MALETA.pdf\" target=\"_blank\" rel=\"noreferrer noopener\">Especifica\u00e7\u00e3o T\u00e9cnica<\/a><br><strong>COM DETECTOR DE CO  | COD: 5 1 5 1 7 5<\/strong> | *<a href=\"https:\/\/grupoairsafety.com.br\/site\/et\/515175_Arcofil_3UMaletaCO.pdf\" target=\"_blank\" rel=\"noreferrer noopener\">Especifica\u00e7\u00e3o T\u00e9cnica<\/a><br><strong>COM FILTRO COALESCENTE  | COD: 5 1 5 1 7 6 | *<a href=\"https:\/\/grupoairsafety.com.br\/site\/et\/TABELA.PDF\" target=\"_blank\" rel=\"noreferrer noopener\">Especifica\u00e7\u00e3o T\u00e9cnica<\/a><br>COM FILTRO COALES. E DECT. DE CO | COD: 5 1 5 1 7 7 | <\/strong>*<a href=\"https:\/\/grupoairsafety.com.br\/site\/et\/515177_ ARCOFIL_MALETA_COALESCENTE_+CO.pdf\" target=\"_blank\" rel=\"noreferrer noopener\">Especifica\u00e7\u00e3o T\u00e9cnica<\/a><\/p>\n\n\n\n<hr class=\"wp-block-separator has-alpha-channel-opacity\"\/>\n\n\n\n<p><\/p>\n\n\n\n<p><strong>ARCOSEMI<\/strong><\/p>\n\n\n<div class=\"wp-block-image\">\n<figure class=\"aligncenter size-full\"><img loading=\"lazy\" decoding=\"async\" width=\"282\" height=\"275\" src=\"https:\/\/grupoairsafety.com.br\/site\/wp-content\/uploads\/2025\/03\/Captura-de-tela-2025-03-19-104734.png\" alt=\"\" class=\"wp-image-999\"\/><\/figure>\n<\/div>\n\n\n<p><strong>CONJUNTO ARCOSEMI  I  AZUL  <strong> I<\/strong> C\u00d3D: 512571<\/strong>&nbsp;|&nbsp;<a href=\"https:\/\/grupoairsafety.com.br\/site\/ca\/CA_8050.pdf\" target=\"_blank\" rel=\"noreferrer noopener\">CA N\u00ba 8050<\/a>&nbsp;&nbsp; *<a href=\"https:\/\/grupoairsafety.com.br\/site\/et\/512571_ARCOSEMI.pdf\" target=\"_blank\" rel=\"noreferrer noopener\">Especifica\u00e7\u00e3o T\u00e9cnica<\/a><\/p>\n\n\n\n<p><strong>CONJUNTO ARCOSEMI  I  AMARELO  <strong> I<\/strong> C\u00d3D: 514281<\/strong>&nbsp;|&nbsp;<a href=\"https:\/\/grupoairsafety.com.br\/site\/ca\/CA_8050.pdf\" target=\"_blank\" rel=\"noreferrer noopener\">CA N\u00ba 8050<\/a>&nbsp;&nbsp; *<a href=\"https:\/\/grupoairsafety.com.br\/site\/et\/512571_ARCOSEMI.pdf\" target=\"_blank\" rel=\"noreferrer noopener\">Especifica\u00e7\u00e3o T\u00e9cnica<\/a><\/p>\n\n\n\n<hr class=\"wp-block-separator has-alpha-channel-opacity\"\/>\n\n\n\n<p><strong>ARCOPAN<\/strong><\/p>\n\n\n\n<p><\/p>\n\n\n<div class=\"wp-block-image\">\n<figure class=\"aligncenter size-full is-resized\"><img loading=\"lazy\" decoding=\"async\" width=\"800\" height=\"800\" src=\"https:\/\/grupoairsafety.com.br\/site\/wp-content\/uploads\/2026\/04\/515201-ARCOPAN.jpg\" alt=\"\" class=\"wp-image-1127\" style=\"width:250px;height:auto\"\/><\/figure>\n<\/div>\n\n\n<p><strong>CONJUNTO ARCOPAN  I  AMARELO  <strong> I<\/strong> C\u00d3D: 512575<\/strong>&nbsp;|&nbsp;<a href=\"https:\/\/grupoairsafety.com.br\/site\/ca\/CA_8052.pdf\" target=\"_blank\" rel=\"noreferrer noopener\">CA N\u00ba 8052<\/a>&nbsp;&nbsp; *<a href=\"https:\/\/grupoairsafety.com.br\/site\/et\/ARCOPAN.pdf\" target=\"_blank\" rel=\"noreferrer noopener\">Especifica\u00e7\u00e3o T\u00e9cnica<\/a><\/p>\n\n\n\n<p><strong>CONJUNTO ARCOPAN  I  PRETO  <strong> I<\/strong> C\u00d3D: 515201<\/strong>&nbsp;|&nbsp;<a href=\"https:\/\/grupoairsafety.com.br\/site\/ca\/CA_8052.pdf\" target=\"_blank\" rel=\"noreferrer noopener\">CA N\u00ba 8052<\/a>&nbsp;&nbsp; *<a href=\"https:\/\/grupoairsafety.com.br\/site\/et\/ARCOPAN.pdf\" target=\"_blank\" rel=\"noreferrer noopener\">Especifica\u00e7\u00e3o T\u00e9cnica<\/a><\/p>\n\n\n\n<p><strong>CONJUNTO ARCOPAN  I  AZUL  <strong> I<\/strong> C\u00d3D: 514783<\/strong>&nbsp;|&nbsp;<a href=\"https:\/\/grupoairsafety.com.br\/site\/ca\/CA_8052.pdf\" target=\"_blank\" rel=\"noreferrer noopener\">CA N\u00ba 8052<\/a>&nbsp;&nbsp; *<a href=\"https:\/\/grupoairsafety.com.br\/site\/et\/ARCOPAN.pdf\" target=\"_blank\" rel=\"noreferrer noopener\">Especifica\u00e7\u00e3o T\u00e9cnica<\/a><\/p>\n\n\n\n<hr class=\"wp-block-separator has-alpha-channel-opacity\"\/>\n\n\n\n<p><strong>ARCONOVA<\/strong><\/p>\n\n\n<div class=\"wp-block-image\">\n<figure class=\"aligncenter size-full is-resized\"><img loading=\"lazy\" decoding=\"async\" width=\"271\" height=\"239\" src=\"https:\/\/grupoairsafety.com.br\/site\/wp-content\/uploads\/2025\/03\/Captura-de-tela-2025-03-19-220138.png\" alt=\"\" class=\"wp-image-1008\" style=\"width:305px;height:auto\"\/><\/figure>\n<\/div>\n\n\n<p><strong>CONJUNTO ARCONOVA PP  I  PRETO <strong> I<\/strong> C\u00d3D: 512614<\/strong>&nbsp;|&nbsp;<a href=\"https:\/\/grupoairsafety.com.br\/site\/ca\/CA_8051.pdf\" target=\"_blank\" rel=\"noreferrer noopener\">CA N\u00ba 8051<\/a>&nbsp;&nbsp; *<a href=\"https:\/\/grupoairsafety.com.br\/site\/et\/512614_ARCONOVA.pdf\" target=\"_blank\" rel=\"noreferrer noopener\">Especifica\u00e7\u00e3o T\u00e9cnica<\/a><\/p>\n\n\n\n<hr class=\"wp-block-separator has-alpha-channel-opacity\"\/>\n\n\n\n<p><strong>MANGUEIRAS<\/strong><\/p>\n\n\n<div class=\"wp-block-image\">\n<figure class=\"aligncenter size-full is-resized\"><img loading=\"lazy\" decoding=\"async\" width=\"290\" height=\"234\" src=\"https:\/\/grupoairsafety.com.br\/site\/wp-content\/uploads\/2025\/03\/Captura-de-tela-2025-03-19-220513.png\" alt=\"\" class=\"wp-image-1010\" style=\"width:313px;height:auto\"\/><\/figure>\n<\/div>\n\n\n<p><strong>MANGUEIRA 3\/8 COM ENGATES 10 METROS I AZUL<strong> I<\/strong> C\u00d3D: 512564<\/strong>&nbsp;|&nbsp; *<a href=\"https:\/\/grupoairsafety.com.br\/site\/et\/MANGUEIRA_PVC_com_ENGATES.pdf\" target=\"_blank\" rel=\"noreferrer noopener\">Especifica\u00e7\u00e3o T\u00e9cnica<\/a><\/p>\n\n\n\n<p><strong>MANGUEIRA 3\/8 COM ENGATES 15 METROS I AZUL<strong> I<\/strong> C\u00d3D: 512868<\/strong>&nbsp;|&nbsp; *<a href=\"https:\/\/grupoairsafety.com.br\/site\/et\/MANGUEIRA_PVC_com_ENGATES.pdf\" target=\"_blank\" rel=\"noreferrer noopener\">Especifica\u00e7\u00e3o T\u00e9cnica<\/a><\/p>\n\n\n\n<p><strong>MANGUEIRA 3\/8 COM ENGATES 20 METROS I AZUL<strong> I<\/strong> C\u00d3D: 512566<\/strong>&nbsp;|&nbsp; *<a href=\"https:\/\/grupoairsafety.com.br\/site\/et\/MANGUEIRA_PVC_com_ENGATES.pdf\" target=\"_blank\" rel=\"noreferrer noopener\">Especifica\u00e7\u00e3o T\u00e9cnica<\/a><\/p>\n\n\n\n<p><strong>MANGUEIRA 3\/8 COM ENGATES 30 METROS I AZUL<strong> I<\/strong> C\u00d3D: 514674<\/strong>&nbsp;|&nbsp; *<a href=\"https:\/\/grupoairsafety.com.br\/site\/et\/MANGUEIRA_PVC_com_ENGATES.pdf\" target=\"_blank\" rel=\"noreferrer noopener\">Especifica\u00e7\u00e3o T\u00e9cnica<\/a><\/p>\n\n\n\n<p><strong>MANGUEIRA 3\/8 COM ENGATES 40 METROS I AZUL<strong> I<\/strong> C\u00d3D: 515049<\/strong>&nbsp;|&nbsp; *<a href=\"https:\/\/grupoairsafety.com.br\/site\/et\/MANGUEIRA_PVC_com_ENGATES.pdf\" target=\"_blank\" rel=\"noreferrer noopener\">Especifica\u00e7\u00e3o T\u00e9cnica<\/a><\/p>\n\n\n\n<p><strong>MANGUEIRA 3\/8 COM ENGATES 50 METROS I AZUL<strong> I<\/strong> C\u00d3D: 515234<\/strong>&nbsp;|&nbsp; *<a href=\"https:\/\/grupoairsafety.com.br\/site\/et\/MANGUEIRA_PVC_com_ENGATES.pdf\" target=\"_blank\" rel=\"noreferrer noopener\">Especifica\u00e7\u00e3o T\u00e9cnica<\/a><\/p>\n\n\n\n<hr class=\"wp-block-separator has-alpha-channel-opacity\"\/>\n\n\n\n<p><strong>MANGUEIRA ESPIRALADA HELICOIDAL <\/strong><\/p>\n\n\n<div class=\"wp-block-image\">\n<figure class=\"aligncenter size-full is-resized\"><img loading=\"lazy\" decoding=\"async\" width=\"290\" height=\"172\" src=\"https:\/\/grupoairsafety.com.br\/site\/wp-content\/uploads\/2025\/03\/Captura-de-tela-2025-03-19-221931.png\" alt=\"\" class=\"wp-image-1011\" style=\"width:297px;height:auto\"\/><\/figure>\n<\/div>\n\n\n<p><strong>MANGUEIRA ESPIRALADA HELICOIDAL  05 METROS I AZUL<strong> I<\/strong> C\u00d3D: 515158<\/strong>&nbsp;|&nbsp; *<a href=\"https:\/\/grupoairsafety.com.br\/site\/et\/MANGUEIRA_HELICOIDAL.pdf\" target=\"_blank\" rel=\"noreferrer noopener\">Especifica\u00e7\u00e3o T\u00e9cnica<\/a><\/p>\n\n\n\n<p><strong>MANGUEIRA ESPIRALADA HELICOIDAL  10 METROS I AZUL<strong> I<\/strong> C\u00d3D: 514838<\/strong>&nbsp;|&nbsp; *<a href=\"https:\/\/grupoairsafety.com.br\/site\/et\/MANGUEIRA_HELICOIDAL.pdf\" target=\"_blank\" rel=\"noreferrer noopener\">Especifica\u00e7\u00e3o T\u00e9cnica<\/a><\/p>\n\n\n\n<p><strong>MANGUEIRA ESPIRALADA HELICOIDAL  15 METROS I AZUL<strong> I<\/strong> C\u00d3D: 515071<\/strong>&nbsp;|&nbsp; *<a href=\"https:\/\/grupoairsafety.com.br\/site\/et\/MANGUEIRA_HELICOIDAL.pdf\" target=\"_blank\" rel=\"noreferrer noopener\">Especifica\u00e7\u00e3o T\u00e9cnica<\/a><\/p>\n\n\n\n<p><strong>MANGUEIRA ESPIRALADA HELICOIDAL  20 METROS I AZUL<strong> I<\/strong> C\u00d3D: 514839<\/strong>&nbsp;|&nbsp; *<a href=\"https:\/\/grupoairsafety.com.br\/site\/et\/MANGUEIRA_HELICOIDAL.pdf\" target=\"_blank\" rel=\"noreferrer noopener\">Especifica\u00e7\u00e3o T\u00e9cnica<\/a><\/p>\n\n\n\n<p><strong>MANGUEIRA ESPIRALADA HELICOIDAL  30 METROS I AZUL<strong> I<\/strong> C\u00d3D: 515072<\/strong>&nbsp;|&nbsp; *<a href=\"https:\/\/grupoairsafety.com.br\/site\/et\/MANGUEIRA_HELICOIDAL.pdf\" target=\"_blank\" rel=\"noreferrer noopener\">Especifica\u00e7\u00e3o T\u00e9cnica<\/a><\/p>\n\n\n\n<p><\/p>\n\n\n\n<hr class=\"wp-block-separator has-alpha-channel-opacity\"\/>\n\n\n\n<p><strong>PAR 4000<\/strong><\/p>\n\n\n<div class=\"wp-block-image\">\n<figure class=\"aligncenter size-full\"><img loading=\"lazy\" decoding=\"async\" width=\"221\" height=\"292\" src=\"https:\/\/grupoairsafety.com.br\/site\/wp-content\/uploads\/2025\/03\/Captura-de-tela-2025-03-19-224854.png\" alt=\"\" class=\"wp-image-1014\"\/><\/figure>\n<\/div>\n\n\n<p><strong>PAR 4000 C\/ E.R.S <strong>CILINDRO DE A\u00c7O<\/strong> I 10 LITROS &#8211; 2OO BAR<strong> I<\/strong> C\u00d3D: 512557<\/strong>&nbsp;|&nbsp; *<a href=\"https:\/\/grupoairsafety.com.br\/site\/et\/512557_PAR4000.pdf\" target=\"_blank\" rel=\"noreferrer noopener\">Especifica\u00e7\u00e3o T\u00e9cnica<\/a><\/p>\n\n\n\n<hr class=\"wp-block-separator has-alpha-channel-opacity\"\/>\n\n\n\n<p><strong>PAR 8000<\/strong><\/p>\n\n\n<div class=\"wp-block-image\">\n<figure class=\"aligncenter size-full\"><img loading=\"lazy\" decoding=\"async\" width=\"270\" height=\"299\" src=\"https:\/\/grupoairsafety.com.br\/site\/wp-content\/uploads\/2025\/03\/Captura-de-tela-2025-03-19-224909.png\" alt=\"\" class=\"wp-image-1015\"\/><\/figure>\n<\/div>\n\n\n<p><strong>PAR 8000 C\/ E.R.S <strong>CILINDRO DE A\u00c7O<\/strong> I 20 LITROS-2OO BAR<strong> I<\/strong> C\u00d3D: 514841<\/strong>&nbsp;| *<a href=\"https:\/\/grupoairsafety.com.br\/site\/et\/514841_PAR8000.pdf\" target=\"_blank\" rel=\"noreferrer noopener\">Especifica\u00e7\u00e3o T\u00e9cnica<\/a><\/p>\n\n\n\n<hr class=\"wp-block-separator has-alpha-channel-opacity\"\/>\n\n\n\n<p><strong>PARCOFIL 4000<\/strong><\/p>\n\n\n<div class=\"wp-block-image\">\n<figure class=\"aligncenter size-full\"><img loading=\"lazy\" decoding=\"async\" width=\"264\" height=\"328\" src=\"https:\/\/grupoairsafety.com.br\/site\/wp-content\/uploads\/2025\/03\/Captura-de-tela-2025-03-19-225928.png\" alt=\"\" class=\"wp-image-1016\" srcset=\"https:\/\/grupoairsafety.com.br\/site\/wp-content\/uploads\/2025\/03\/Captura-de-tela-2025-03-19-225928.png 264w, https:\/\/grupoairsafety.com.br\/site\/wp-content\/uploads\/2025\/03\/Captura-de-tela-2025-03-19-225928-241x300.png 241w\" sizes=\"auto, (max-width: 264px) 100vw, 264px\" \/><\/figure>\n<\/div>\n\n\n<p><strong>PARCOFIL 4000 C\/ E.R.S <strong>CILINDRO DE A\u00c7O<\/strong> I 10 LITROS-2OO BAR<strong> I<\/strong> C\u00d3D: 512557<\/strong>&nbsp;| *<a href=\"https:\/\/grupoairsafety.com.br\/site\/et\/514668_ PARCOFIL4000.pdf\" target=\"_blank\" rel=\"noreferrer noopener\">Especifica\u00e7\u00e3o T\u00e9cnica<\/a><\/p>\n\n\n\n<hr class=\"wp-block-separator has-alpha-channel-opacity\"\/>\n\n\n\n<p><strong>PARCOFIL 8000<\/strong><\/p>\n\n\n<div class=\"wp-block-image\">\n<figure class=\"aligncenter size-full is-resized\"><img loading=\"lazy\" decoding=\"async\" width=\"615\" height=\"441\" src=\"https:\/\/grupoairsafety.com.br\/site\/wp-content\/uploads\/2025\/03\/Par8000_v25.png\" alt=\"\" class=\"wp-image-1096\" style=\"width:511px;height:auto\" srcset=\"https:\/\/grupoairsafety.com.br\/site\/wp-content\/uploads\/2025\/03\/Par8000_v25.png 615w, https:\/\/grupoairsafety.com.br\/site\/wp-content\/uploads\/2025\/03\/Par8000_v25-300x215.png 300w\" sizes=\"auto, (max-width: 615px) 100vw, 615px\" \/><\/figure>\n<\/div>\n\n\n<p><strong>PARCOFIL 8000 C\/ E.R.S <strong>CILINDRO DE A\u00c7O<\/strong> I 20 LITROS-2OO BAR<strong> I<\/strong> C\u00d3D: 515191<\/strong>&nbsp;|&nbsp; *<a href=\"https:\/\/grupoairsafety.com.br\/site\/et\/515191_PARCOFIL_8000.pdf\" target=\"_blank\" rel=\"noreferrer noopener\">Especifica\u00e7\u00e3o T\u00e9cnica<\/a><\/p>\n\n\n\n<p><\/p>\n\n\n\n<p><\/p>\n\n\n<div class=\"wp-block-image\">\n<figure class=\"alignleft\"><img decoding=\"async\" src=\"https:\/\/grupoairsafety.com.br\/site\/wp-content\/uploads\/2013\/05\/selo.jpg\" alt=\"\" class=\"wp-image-50\"\/><\/figure>\n<\/div>\n\n\n<p><\/p>\n","protected":false},"excerpt":{"rendered":"<p>Conjunto para filtragem de ar comprimido respir\u00e1vel para uso em espa\u00e7o confinado. ARCOFIL 3U NO CAVALETE ARCOFIL 3U (3 SA\u00cdDAS) | C\u00d3D: 512555&nbsp;|&nbsp;*Especifica\u00e7\u00e3o T\u00e9cnica ARCOFIL 3U (4 SA\u00cdDAS) | C\u00d3D: 515174&nbsp;|&nbsp;*Especifica\u00e7\u00e3o T\u00e9cnica ARCOFIL 3U NA MALETA MALETA ABS | COD: 5 1 2 5 5 3 | *Especifica\u00e7\u00e3o T\u00e9cnicaCOM DETECTOR DE CO | COD: 5 [&hellip;]<\/p>\n","protected":false},"author":6,"featured_media":0,"parent":0,"menu_order":0,"comment_status":"closed","ping_status":"closed","template":"","meta":{"footnotes":""},"class_list":["post-990","page","type-page","status-publish","hentry"],"_links":{"self":[{"href":"https:\/\/grupoairsafety.com.br\/site\/wp-json\/wp\/v2\/pages\/990","targetHints":{"allow":["GET"]}}],"collection":[{"href":"https:\/\/grupoairsafety.com.br\/site\/wp-json\/wp\/v2\/pages"}],"about":[{"href":"https:\/\/grupoairsafety.com.br\/site\/wp-json\/wp\/v2\/types\/page"}],"author":[{"embeddable":true,"href":"https:\/\/grupoairsafety.com.br\/site\/wp-json\/wp\/v2\/users\/6"}],"replies":[{"embeddable":true,"href":"https:\/\/grupoairsafety.com.br\/site\/wp-json\/wp\/v2\/comments?post=990"}],"version-history":[{"count":27,"href":"https:\/\/grupoairsafety.com.br\/site\/wp-json\/wp\/v2\/pages\/990\/revisions"}],"predecessor-version":[{"id":1129,"href":"https:\/\/grupoairsafety.com.br\/site\/wp-json\/wp\/v2\/pages\/990\/revisions\/1129"}],"wp:attachment":[{"href":"https:\/\/grupoairsafety.com.br\/site\/wp-json\/wp\/v2\/media?parent=990"}],"curies":[{"name":"wp","href":"https:\/\/api.w.org\/{rel}","templated":true}]}}